{"id":771,"date":"2018-08-23T12:52:58","date_gmt":"2018-08-23T10:52:58","guid":{"rendered":"http:\/\/wordpress.p115765.webspaceconfig.de\/?page_id=771"},"modified":"2025-03-18T09:05:53","modified_gmt":"2025-03-18T08:05:53","slug":"mitgliederlogin","status":"publish","type":"page","link":"https:\/\/www.usability.world\/?page_id=771","title":{"rendered":"Mitgliederlogin"},"content":{"rendered":"<div class=\"swpm-login-widget-form\">\n    <form id=\"swpm-login-form\" name=\"swpm-login-form\" method=\"post\" action=\"\">\n        <input type=\"hidden\" name=\"swpm_login_origination_flag\" value=\"1\" \/>\n        <div class=\"swpm-login-form-inner\">\n            <div class=\"swpm-username-label\">\n                <label for=\"swpm_user_name\" class=\"swpm-label\">Benutzername oder E-Mail-Adresse<\/label>\n            <\/div>\n            <div class=\"swpm-username-input\">\n                <input type=\"text\" class=\"swpm-text-field swpm-username-field\" id=\"swpm_user_name\" value=\"\" size=\"25\" name=\"swpm_user_name\" \/>\n            <\/div>\n            <div class=\"swpm-password-label\">\n                <label for=\"swpm_password\" class=\"swpm-label\">Passwort<\/label>\n            <\/div>\n            <div class=\"swpm-password-input\">                \n                <input type=\"password\" class=\"swpm-text-field swpm-password-field\" id=\"swpm_password\" value=\"\" size=\"25\" name=\"swpm_password\" \/>                \n            <\/div>\n                        <div class=\"swpm-remember-me\">\n                <span class=\"swpm-remember-checkbox\"><input type=\"checkbox\" name=\"rememberme\" id=\"swpm-rememberme\"><\/span>\n                <label for=\"swpm-rememberme\" class=\"swpm-rememberme-label\">\n                    <span class=\"swpm-rember-label\"> Angemeldet bleiben<\/span>\n                <\/label>\n            <\/div>\n\n            <div class=\"swpm-before-login-submit-section\"><\/div>\n\n            <div class=\"swpm-login-submit\">\n                <input type=\"submit\" class=\"swpm-login-form-submit\" name=\"swpm-login\" value=\"Anmelden\"\/>\n            <\/div>\n            <div class=\"swpm-forgot-pass-link\">\n                <a id=\"forgot_pass\" class=\"swpm-login-form-pw-reset-link\"  href=\"https:\/\/www.usability.world\/?page_id=1018\">Haben Sie Ihr Passwort vergessen?<\/a>\n            <\/div>\n                        <div class=\"swpm-join-us-link\">\n                <a id=\"register\" class=\"swpm-login-form-register-link\" href=\"https:\/\/www.usability.world\/?page_id=771\">Werden Sie Mitglied bei uns<\/a>\n            <\/div>\n                        <div class=\"swpm-login-action-msg\">\n                <span class=\"swpm-login-widget-action-msg\"><\/span>\n            <\/div>\n        <\/div>\n    <\/form>\n\n    <\/div>\n\n<h3>Registrierung<\/h3>\n<p>Die Daten im internen Bereich sind nur f\u00fcr registrierte Mitglieder zug\u00e4nglich. Hierf\u00fcr ben\u00f6tigen Sie Ihre pers\u00f6nlichen Zugangsdaten. Falls Sie noch nicht registriert sind, wenden Sie sich bitte an Frau Limberg unter <a href=\"mailto:Zentrale@uvrw.de\">Zentrale@uvrw.de<\/a>. Sie erhalten dann schnellstm\u00f6glich Ihre pers\u00f6nlichen Zugangsdaten. Vielen Dank f\u00fcr Ihr Interesse.<\/p>\n","protected":false},"excerpt":{"rendered":"<p>Registrierung Die Daten im internen Bereich sind nur f\u00fcr registrierte Mitglieder zug\u00e4nglich. Hierf\u00fcr ben\u00f6tigen Sie Ihre pers\u00f6nlichen Zugangsdaten. Falls Sie noch nicht registriert sind, wenden Sie sich bitte an Frau Limberg unter Zentrale@uvrw.de. Sie erhalten dann schnellstm\u00f6glich Ihre pers\u00f6nlichen Zugangsdaten. Vielen Dank f\u00fcr Ihr Interesse.<\/p>\n","protected":false},"author":1,"featured_media":0,"parent":0,"menu_order":0,"comment_status":"closed","ping_status":"closed","template":"","meta":{"footnotes":""},"class_list":["post-771","page","type-page","status-publish","hentry"],"_links":{"self":[{"href":"https:\/\/www.usability.world\/index.php?rest_route=\/wp\/v2\/pages\/771","targetHints":{"allow":["GET"]}}],"collection":[{"href":"https:\/\/www.usability.world\/index.php?rest_route=\/wp\/v2\/pages"}],"about":[{"href":"https:\/\/www.usability.world\/index.php?rest_route=\/wp\/v2\/types\/page"}],"author":[{"embeddable":true,"href":"https:\/\/www.usability.world\/index.php?rest_route=\/wp\/v2\/users\/1"}],"replies":[{"embeddable":true,"href":"https:\/\/www.usability.world\/index.php?rest_route=%2Fwp%2Fv2%2Fcomments&post=771"}],"version-history":[{"count":15,"href":"https:\/\/www.usability.world\/index.php?rest_route=\/wp\/v2\/pages\/771\/revisions"}],"predecessor-version":[{"id":5802,"href":"https:\/\/www.usability.world\/index.php?rest_route=\/wp\/v2\/pages\/771\/revisions\/5802"}],"wp:attachment":[{"href":"https:\/\/www.usability.world\/index.php?rest_route=%2Fwp%2Fv2%2Fmedia&parent=771"}],"curies":[{"name":"wp","href":"https:\/\/api.w.org\/{rel}","templated":true}]}}