{"id":46,"date":"2018-08-10T13:47:48","date_gmt":"2018-08-10T11:47:48","guid":{"rendered":"http:\/\/wordpress.p115765.webspaceconfig.de\/?page_id=46"},"modified":"2024-02-14T12:57:26","modified_gmt":"2024-02-14T11:57:26","slug":"datenschutzerklaerung-2","status":"publish","type":"page","link":"https:\/\/www.usability.world\/?page_id=46","title":{"rendered":"Datenschutzerkl\u00e4rung"},"content":{"rendered":"<h1 class=\"p1\"><b>Datenschutzerkl\u00e4rung<\/b><\/h1>\n<h2 class=\"p4\"><b>1. Informationen \u00fcber die Erhebung personenbezogener Daten:<\/b><\/h2>\n<p class=\"p4\">Die Betreiber dieser Seiten nehmen den Schutz Ihrer pers\u00f6nlichen Daten sehr ernst. Wir behandeln Ihre personenbezogenen Daten vertraulich und entsprechend der gesetzlichen Datenschutzvorschriften sowie dieser Datenschutzerkl\u00e4rung.<\/p>\n<p class=\"p4\">Wenn Sie diese Website benutzen, werden verschiedene personenbezogene Daten erhoben. Personenbezogene Daten sind Daten, mit denen Sie pers\u00f6nlich identifiziert werden k\u00f6nnen. Die vorliegende Datenschutzerkl\u00e4rung erl\u00e4utert, welche Daten wir erheben und wof\u00fcr wir sie nutzen. Sie erl\u00e4utert auch, wie und zu welchem Zweck das geschieht.<\/p>\n<p class=\"p4\">Wir weisen darauf hin, dass die Daten\u00fcbertragung im Internet (z.B. bei der Kommunikation per E-Mail) Sicherheitsl\u00fccken aufweisen kann. Ein l\u00fcckenloser Schutz der Daten vor dem Zugriff durch Dritte ist nicht m\u00f6glich.<\/p>\n<p class=\"p4\"><b>Verantwortliche Stelle f\u00fcr die Datenverarbeitung auf dieser Website<\/b> gem. Art. 4 Abs. 7 DSGVO ist<\/p>\n<p class=\"p4\"><b>F\u00fcr den Arbeitgeberverband der Metall- und Elektroindustrie Rhein-Wupper e.V.:<\/b><\/p>\n<p class=\"p4\">Arbeitgeberverband der Metall- und Elektroindustrie Rhein-Wupper e.V.<\/p>\n<p class=\"p4\">Werkst\u00e4ttenstr. 21<\/p>\n<p class=\"p4\">51379 Leverkusen<\/p>\n<p class=\"p4\">Ansprechpartner: Gesch\u00e4ftsf\u00fchrer RA Andreas Tressin<\/p>\n<p class=\"p4\">Telefon: 0 21 71\/7 39 2-0<\/p>\n<p class=\"p5\"><span class=\"s1\">Internet: <a href=\"https:\/\/www.usability.world\"><span class=\"s2\">www.unternehmerverbaende-rhein-wupper.de<\/span><\/a><\/span><\/p>\n<p class=\"p4\"><b>F\u00fcr die Unternehmerschaft Rhein-Wupper e.V.:<\/b><\/p>\n<p class=\"p4\">Unternehmerschaft Rhein-Wupper e.V.<\/p>\n<p class=\"p4\">Werkst\u00e4ttenstr. 21<\/p>\n<p class=\"p4\">51379 Leverkusen<\/p>\n<p class=\"p4\">Ansprechpartner: Gesch\u00e4ftsf\u00fchrer RA Andreas Tressin<\/p>\n<p class=\"p4\">Telefon: 0 21 71\/7 39 2-0<\/p>\n<p class=\"p5\"><span class=\"s1\">Internet: <a href=\"https:\/\/www.usability.world\"><span class=\"s2\">www.unternehmerverbaende-rhein-wupper.de<\/span><\/a><\/span><\/p>\n<p class=\"p4\">Falls wir f\u00fcr einzelne Funktionen unseres Angebots auf beauftragte Dienstleister zur\u00fcckgreifen oder Ihre Daten f\u00fcr werbliche Zwecke nutzen m\u00f6chten, werden wir Sie untenstehend im Detail \u00fcber die jeweiligen Vorg\u00e4nge informieren. Dabei nennen wir auch die festgelegten Kriterien der Speicherdauer.<\/p>\n<h2><\/h2>\n<h2 class=\"p4\"><b>2. Ihre Rechte<\/b><\/h2>\n<h3 class=\"p4\"><b>a. Auskunft, Sperrung, L\u00f6schung<\/b><\/h3>\n<p>Sie haben im Rahmen der geltenden gesetzlichen Bestimmungen jederzeit das Recht auf unentgeltliche Auskunft \u00fcber Ihre gespeicherten personenbezogenen Daten, deren Herkunft und Empf\u00e4nger und den Zweck der Datenverarbeitung und ggf. ein Recht auf Berichtigung, Sperrung oder L\u00f6schung dieser Daten. Hierzu sowie zu weiteren Fragen zum Thema personenbezogene Daten k\u00f6nnen Sie sich jederzeit unter der im Impressum angegebenen Adresse an uns wenden.<\/p>\n<h3 class=\"p4\"><b>b. Recht auf Daten\u00fcbertragbarkeit<\/b><\/h3>\n<p>Sie haben das Recht, Daten, die wir auf Grundlage Ihrer Einwilligung oder in Erf\u00fcllung eines Vertrags automatisiert verarbeiten, an sich oder an einen Dritten in einem g\u00e4ngigen, maschinenlesbaren Format aush\u00e4ndigen zu lassen. Sofern Sie die direkte \u00dcbertragung der Daten an einen anderen Verantwortlichen verlangen, erfolgt dies nur, soweit es technisch machbar ist.<\/p>\n<h3 class=\"p4\"><b>c. Beschwerderecht bei der zust\u00e4ndigen Aufsichtsbeh\u00f6rde<\/b><\/h3>\n<p>Im Falle datenschutzrechtlicher Verst\u00f6\u00dfe steht dem Betroffenen ein Beschwerderecht bei der zust\u00e4ndigen Aufsichtsbeh\u00f6rde zu. Zust\u00e4ndige Aufsichtsbeh\u00f6rde in datenschutzrechtlichen Fragen ist der Landesdatenschutzbeauftragte des Bundeslandes, in dem unser Unternehmen seinen Sitz hat. Eine Liste der Datenschutzbeauftragten sowie deren Kontaktdaten k\u00f6nnen folgendem Link entnommen werden: https:\/\/www.bfdi.bund.de\/DE\/Infothek\/Anschriften_Links\/anschriften_links-node.html.<\/p>\n<h2><\/h2>\n<h2 class=\"p4\"><b>3. Widerruf Ihrer Einwilligung zur Datenverarbeitung<\/b><\/h2>\n<p>Es gibt Datenverarbeitungsvorg\u00e4nge, die sind nur mit Ihrer ausdr\u00fccklichen Einwilligung m\u00f6glich. Sie k\u00f6nnen eine bereits erteilte Einwilligung jederzeit widerrufen. Dazu reicht eine formlose Mitteilung per E-Mail an uns. Die Rechtm\u00e4\u00dfigkeit der bis zum Widerruf erfolgten Datenverarbeitung bleibt vom Widerruf unber\u00fchrt.<\/p>\n<h2><\/h2>\n<h2 class=\"p4\"><b>4. SSL- bzw. TLS-Verschl\u00fcsselung<\/b><\/h2>\n<p>Diese Seite nutzt aus Sicherheitsgr\u00fcnden und zum Schutz der \u00dcbertragung vertraulicher Inhalte, wie zum Beispiel Bestellungen oder Anfragen, die Sie an uns als Seitenbetreiber senden, eine SSL-bzw. TLS-Verschl\u00fcsselung. Eine verschl\u00fcsselte Verbindung erkennen Sie daran, dass die Adresszeile des Browsers von \u201chttp:\/\/\u201d auf \u201chttps:\/\/\u201d wechselt und an dem Schloss-Symbol in Ihrer Browserzeile.<\/p>\n<p class=\"p4\">Wenn die SSL- bzw. TLS-Verschl\u00fcsselung aktiviert ist, k\u00f6nnen die Daten, die Sie an uns \u00fcbermitteln, nicht von Dritten mitgelesen werden.<\/p>\n<h2><\/h2>\n<h2 class=\"p4\"><b>5. Widerspruch gegen Werbe-Mails<\/b><\/h2>\n<p>Der Nutzung von im Rahmen der Impressumspflicht ver\u00f6ffentlichten Kontaktdaten zur \u00dcbersendung von nicht ausdr\u00fccklich angeforderter Werbung und Informationsmaterialien wird hiermit widersprochen. Die Betreiber der Seiten behalten sich ausdr\u00fccklich rechtliche Schritte im Falle der unverlangten Zusendung von Werbeinformationen, etwa durch Spam-E-Mails, vor.<\/p>\n<h2><\/h2>\n<h2 class=\"p4\"><b>6. Datenerfassung auf unserer Website<\/b><\/h2>\n<h3 class=\"p4\"><b>a. Cookies<\/b><\/h3>\n<p>Cookies richten auf Ihrem Rechner keinen Schaden an und enthalten keine Viren. Cookies dienen dazu, das Angebot im Internet nutzerfreundlicher, effektiver und sicherer zu machen. Cookies sind kleine Textdateien, die auf Ihrem Rechner abgelegt werden und die Ihr Browser speichert.<\/p>\n<p class=\"p4\">Die Internetseiten verwenden lediglich im Mitgliederbereich einen Session Cookie. N\u00e4heres dazu ist dem entsprechenden Absatz zu entnehmen.<\/p>\n<p class=\"p4\">Generell weisen wir Sie darauf hin, dass Sie Ihren Browser so einstellen k\u00f6nnen, dass Sie \u00fcber das Setzen von Cookies informiert werden und Cookies nur im Einzelfall erlauben, die Annahme von Cookies f\u00fcr bestimmte F\u00e4lle oder generell ausschlie\u00dfen sowie das automatische L\u00f6schen der Cookies beim Schlie\u00dfen des Browser aktivieren. Bei der Deaktivierung von Cookies kann die Funktionalit\u00e4t dieser Website eingeschr\u00e4nkt sein.<\/p>\n<p class=\"p4\">Generell gilt, dass Cookies, die zur Durchf\u00fchrung des elektronischen Kommunikationsvorgangs oder zur Bereitstellung bestimmter, von Ihnen erw\u00fcnschter Funktionen erforderlich sind, auf Grundlage von Art. 6 Abs. 1 lit. f DSGVO gespeichert werden. Der Websitebetreiber hat ein berechtigtes Interesse an der Speicherung von Cookies zur technisch fehlerfreien und optimierten Bereitstellung seiner Dienste.<\/p>\n<h3 class=\"p4\"><b>b. Server-Log-Dateien<\/b><\/h3>\n<p class=\"p4\">Der Provider der Seiten erhebt und speichert automatisch Informationen in so genannten Server-Log-Dateien, die Ihr Browser automatisch an uns \u00fcbermittelt. Dies sind:<\/p>\n<ul class=\"ul1\">\n<li class=\"li7\">Browsertyp und Browserversion<\/li>\n<li class=\"li7\">verwendetes Betriebssystem<\/li>\n<li class=\"li7\">Referrer URL<\/li>\n<li class=\"li7\">Hostname des zugreifenden Rechners<\/li>\n<li class=\"li7\">Uhrzeit der Serveranfrage<\/li>\n<li class=\"li7\">IP-Adresse<\/li>\n<\/ul>\n<p class=\"p4\">Eine Zusammenf\u00fchrung dieser Daten mit anderen Datenquellen wird nicht vorgenommen.<\/p>\n<p class=\"p4\">Grundlage f\u00fcr die Datenverarbeitung ist Art. 6 Abs. 1 lit. f DSGVO. Die vor\u00fcbergehende Speicherung der IP-Adresse ist notwendig, um eine Auslieferung der Website an den Rechner des Nutzers zu erm\u00f6glichen. Hierf\u00fcr muss die die IP-Adresse des Nutzers f\u00fcr die Dauer der Sitzung gespeichert bleiben. Die Speicherung von Logfiles erfolgt, um die Funktionsf\u00e4higkeit der Website und die Sicherheit unserer Informationstechnischen Systeme sicherzustellen.<\/p>\n<p class=\"p4\">Der Erfassung der Daten zur Bereitstellung der Website und die Speicherung der Daten in Logfiles ist f\u00fcr den Betrieb der Internetseite zwingend erforderlich. Es besteht folglich seitens des Nutzers keine Widerspruchsm\u00f6glichkeit.<\/p>\n<h3 class=\"p4\"><b>c. Mitgliederbereich Session Cookie<\/b><\/h3>\n<p class=\"p4\">Im Mitgliederbereich unserer Website stellen wir weitere Inhalte und Leistungen bereit, die nur registrierten Benutzern zur Verf\u00fcgung stehen. Zur Nutzung des Mitgliederbereichs m\u00fcssen Sie sich \u00fcber die Zugangsdaten, die Ihnen der Arbeitgeberverband der Metall- und Elektroindustrie Rhein-Wupper e.V. bzw. die Unternehmerschaft Rhein-Wupper e.V. f\u00fcr diesen Zweck zur Verf\u00fcgung stellt, einloggen. Sobald Sie sich f\u00fcr den Mitgliederbereich einloggen, speichern wir auf Ihrem Computer ein Session-Cookie ab. Dieses wird nur f\u00fcr den Zeitraum Ihrer Nutzung des Mitgliederbereichs auf Ihrem Computer gespeichert. Nachdem Sie sich ausgeloggt haben, wird auch das Session-Cookie gel\u00f6scht.<\/p>\n<h3 class=\"p4\"><b>d. E-Mail-Kontakt<\/b><\/h3>\n<p class=\"p4\">Eine Kontaktaufnahme zu uns ist \u00fcber die auf unserer Internetseite bereitgestellte E-Mail-Adresse m\u00f6glich. In diesem Fall werden die mit Ihrer E-Mail \u00fcbermittelten personenbezogenen Daten gespeichert. Es erfolgt in diesem Zusammenhang keine Weitergabe der Daten an Dritte. Die Daten werden ausschlie\u00dflich f\u00fcr die Verarbeitung der Konversation verwendet.<\/p>\n<p class=\"p4\">Rechtsgrundlage f\u00fcr die Verarbeitung der Daten, die im Zuge einer \u00dcbersendung einer E-Mail \u00fcbermittelt werden, ist Art. 6 Abs. 1 lit. f DSGVO. Zielt der E-Mail-Kontakt auf Abschluss eines Vertrages ab, so ist zus\u00e4tzliche Rechtsgrundlage f\u00fcr die Verarbeitung Art. 6 Abs. 1 lit. b DSGVO. Das erforderliche Interesse besteht in der Bearbeitung der Kontaktaufnahme.<\/p>\n<p class=\"p4\">Die Daten werden gel\u00f6scht, soweit sie f\u00fcr die Erreichung des Zwecks ihrer Erhebung nicht mehr erforderlich sind, das hei\u00dft, wenn die Konversation mit Ihnen als Nutzer beendet ist bzw. der betroffene Sachverhalt abschlie\u00dfend gekl\u00e4rt ist.<\/p>\n<p class=\"p4\">Sie haben jederzeit die M\u00f6glichkeit, Ihre Einwilligung zur Verarbeitung der personenbezogenen Daten zu widerrufen (siehe oben \u201eWiderruf zur Einwilligung Ihrer Datenverarbeitung\u201c).<\/p>\n<p class=\"p4\">Wenn Sie Informationen w\u00fcnschen, die diese Datenschutzerkl\u00e4rung nicht geben kann oder, wenn Sie zu einem bestimmten Punkt weitere Ausk\u00fcnfte w\u00fcnschen, wenden Sie sich bitte an die o.g. verantwortliche Stelle.<\/p>\n<h2>7. Plugins und Tools<\/h2>\n<h3>a. Google Maps:<\/h3>\n<p>Diese Webseite nutzt \u00fcber eine API Google Maps zur Darstellung interaktiver Karten und zur Erstellung von Anfahrtsbeschreibungen. Google Maps ist ein Kartendienst von Google Inc., 1600 Amphitheatre Parkway, Mountain View, California 94043, USA. Durch die Nutzung von Google Maps k\u00f6nnen Informationen \u00fcber die Benutzung dieser Website einschlie\u00dflich Ihrer IP-Adresse und der im Rahmen der Routenplanerfunktion eingegebenen (Start-) Adresse an Google in den USA \u00fcbertragen werden. Wenn Sie eine Webseite unseres Internetauftritts aufrufen, die Google Maps enth\u00e4lt, baut Ihr Browser eine direkte Verbindung mit den Servern von Google auf. Der Karteninhalt wird von Google direkt an Ihren Browser \u00fcbermittelt und von diesem in die Webseite eingebunden. Daher haben wir keinen Einfluss auf den Umfang der auf diese Weise von Google erhobenen Daten. Entsprechend unserem Kenntnisstand sind dies zumindest folgende Daten:<\/p>\n<ul>\n<li>Datum und Uhrzeit des Besuchs auf der betreffenden Webseite,<\/li>\n<li>Internetadresse oder URL der aufgerufenen Webseite,<\/li>\n<li>IP-Adresse, im Rahmen der Routenplanung eingegebene (Start-)Anschrift.<\/li>\n<\/ul>\n<p>Auf die weitere Verarbeitung und Nutzung der Daten durch Google haben wir keinen Einfluss und k\u00f6nnen daher hierf\u00fcr keine Verantwortung \u00fcbernehmen.<\/p>\n<p>Wenn Sie nicht m\u00f6chten, dass Google \u00fcber unseren Internetauftritt Daten \u00fcber Sie erhebt, verarbeitet oder nutzt, k\u00f6nnen Sie in Ihrem Browsereinstellungen JavaScript deaktivieren. In diesem Fall k\u00f6nnen Sie die Kartenanzeige jedoch nicht nutzen.<\/p>\n<p>Zweck und Umfang der Datenerhebung und die weitere Verarbeitung und Nutzung der Daten durch Google sowie Ihre diesbez\u00fcglichen Rechte und Einstellungsm\u00f6glichkeiten zum Schutz Ihrer Privatsph\u00e4re entnehmen Sie bitte den Datenschutzhinweisen von Google (https:\/\/policies.google.com\/privacy?hl=de).<\/p>\n<p>Durch die Nutzung unserer Webseite erkl\u00e4ren Sie sich mit der Bearbeitung der \u00fcber Sie erhobenen Daten durch Google Maps Routenplaner in der zuvor beschriebenen Art und Weise und zu dem zuvor benannten Zweck einverstanden.<\/p>\n<p>Die Nutzung von Google Maps erfolgt im Interesse einer ansprechenden Darstellung unserer Online-Angebote und an einer leichten Auffindbarkeit der von uns auf der Website angegebenen Orte. Dies stellt ein berechtigtes Interesse im Sinne von Art. 6 Abs. 1 lit. f DSGVO dar.<\/p>\n","protected":false},"excerpt":{"rendered":"<p>Datenschutzerkl\u00e4rung 1. Informationen \u00fcber die Erhebung personenbezogener Daten: Die Betreiber dieser Seiten nehmen den Schutz Ihrer pers\u00f6nlichen Daten sehr ernst. Wir behandeln Ihre personenbezogenen Daten vertraulich und entsprechend der gesetzlichen Datenschutzvorschriften sowie dieser Datenschutzerkl\u00e4rung. Wenn Sie diese Website benutzen, werden verschiedene personenbezogene Daten erhoben. Personenbezogene Daten sind Daten, mit denen Sie pers\u00f6nlich identifiziert werden k\u00f6nnen. [&hellip;]<\/p>\n","protected":false},"author":1,"featured_media":0,"parent":0,"menu_order":0,"comment_status":"closed","ping_status":"closed","template":"","meta":{"footnotes":""},"class_list":["post-46","page","type-page","status-publish","hentry"],"_links":{"self":[{"href":"https:\/\/www.usability.world\/index.php?rest_route=\/wp\/v2\/pages\/46","targetHints":{"allow":["GET"]}}],"collection":[{"href":"https:\/\/www.usability.world\/index.php?rest_route=\/wp\/v2\/pages"}],"about":[{"href":"https:\/\/www.usability.world\/index.php?rest_route=\/wp\/v2\/types\/page"}],"author":[{"embeddable":true,"href":"https:\/\/www.usability.world\/index.php?rest_route=\/wp\/v2\/users\/1"}],"replies":[{"embeddable":true,"href":"https:\/\/www.usability.world\/index.php?rest_route=%2Fwp%2Fv2%2Fcomments&post=46"}],"version-history":[{"count":9,"href":"https:\/\/www.usability.world\/index.php?rest_route=\/wp\/v2\/pages\/46\/revisions"}],"predecessor-version":[{"id":5458,"href":"https:\/\/www.usability.world\/index.php?rest_route=\/wp\/v2\/pages\/46\/revisions\/5458"}],"wp:attachment":[{"href":"https:\/\/www.usability.world\/index.php?rest_route=%2Fwp%2Fv2%2Fmedia&parent=46"}],"curies":[{"name":"wp","href":"https:\/\/api.w.org\/{rel}","templated":true}]}}