{"id":43,"date":"2018-08-10T13:45:23","date_gmt":"2018-08-10T11:45:23","guid":{"rendered":"http:\/\/wordpress.p115765.webspaceconfig.de\/?page_id=43"},"modified":"2024-06-12T10:34:58","modified_gmt":"2024-06-12T08:34:58","slug":"impressum","status":"publish","type":"page","link":"https:\/\/www.usability.world\/?page_id=43","title":{"rendered":"Impressum"},"content":{"rendered":"<h3><strong>Impressum f\u00fcr den Arbeitgeberverband der Metall- und Elektroindustrie Rhein-Wupper e.V.:<\/strong><\/h3>\n<p>Arbeitgeberverband der Metall- und Elektroindustrie Rhein-Wupper e.V.<\/p>\n<p>Werkst\u00e4ttenstr. 21<\/p>\n<p>51379 Leverkusen<\/p>\n<p>Gesch\u00e4ftsf\u00fchrer: Rechtsanwalt Andreas Tressin<\/p>\n<p>Telefon: 0 21 71\/7 39 2-0<\/p>\n<p>Telefax: 0 21 71\/7 39 2-11<\/p>\n<p>Internet: <a href=\"https:\/\/www.usability.world\">www.unternehmerverbaende-rhein-wupper.de<\/a><\/p>\n<p>Vorstand: (vertretungsberechtigt ist ein Vorstandsmitglied zusammen mit einem weiteren Vorstandsmitglied oder mit dem Gesch\u00e4ftsf\u00fchrer)<\/p>\n<p>Herr Arndt Krebs (Vorsitzender)<\/p>\n<p>Herr Max Taha (stellvertretender Vorsitzender)<\/p>\n<p>Herr Thomas Ebker<\/p>\n<p>Registergericht: Amtsgericht K\u00f6ln<\/p>\n<p>Registernummer: VR 400623<\/p>\n<p><strong>\u00a0<\/strong><strong>\u00a0<\/strong><\/p>\n<h3><strong>Impressum f\u00fcr die Unternehmerschaft Rhein-Wupper e.V.:<\/strong><\/h3>\n<p>Unternehmerschaft Rhein-Wupper e.V.<\/p>\n<p>Werkst\u00e4ttenstr. 21<\/p>\n<p>51379 Leverkusen<\/p>\n<p>Gesch\u00e4ftsf\u00fchrer: Rechtsanwalt Andreas Tressin<\/p>\n<p>Telefon: 0 21 71\/7 39 2-0<\/p>\n<p>Telefax: 0 21 71\/7 39 2-11<\/p>\n<p>Internet: <a href=\"https:\/\/www.usability.world\">www.unternehmerverbaende-rhein-wupper.de<\/a><\/p>\n<p>Vorstand: (vertretungsberechtigt ist ein Vorstandsmitglied zusammen mit einem weiteren Vorstandsmitglied oder mit dem Gesch\u00e4ftsf\u00fchrer)<\/p>\n<p>Herr Marc Kretkowski (Vorsitzender)<\/p>\n<p>Herr Detlev Szczukowski<\/p>\n<p>Registergericht: Amtsgericht K\u00f6ln<\/p>\n<p>Registernummer: VR 401815<\/p>\n<p>Inhaltlich verantwortlich:<\/p>\n<p>Herr Rechtsanwalt Andreas Tressin<\/p>\n<p>Werkst\u00e4ttenstr. 21<\/p>\n<p>51379 Leverkusen<\/p>\n<p>Telefon: 0 21 71\/7 39 2-0<\/p>\n<h3><strong>Haftung f\u00fcr Inhalte:<\/strong><\/h3>\n<p>Als Diensteanbieter sind wir gem\u00e4\u00df \u00a7 7 Abs. 1 TMG f\u00fcr eigene Inhalte auf diesen Seiten nach den allgemeinen Gesetzen verantwortlich. Nach \u00a7\u00a7 8 bis 10 TMG sind wir als Diensteanbieter jedoch nicht verpflichtet, \u00fcbermittelte oder gespeicherte fremde Informationen zu \u00fcberwachen oder nach Umst\u00e4nden zu forschen, die auf eine rechtswidrige T\u00e4tigkeit hinweisen.<\/p>\n<p>Verpflichtungen zur Entfernung oder Sperrung der Nutzung von Informationen nach den allgemeinen Gesetzen bleiben hiervon unber\u00fchrt. Eine diesbez\u00fcgliche Haftung ist jedoch erst ab dem Zeitpunkt der Kenntnis einer konkreten Rechtsverletzung m\u00f6glich. Bei Bekanntwerden von entsprechenden Rechtsverletzungen werden wir diese Inhalte umgehend entfernen.<\/p>\n<h3><strong>Externe Links<\/strong><\/h3>\n<p>Unser Angebot enth\u00e4lt Links zu externen Websites Dritter, auf deren Inhalte wir keinen Einfluss haben. Deshalb k\u00f6nnen wir f\u00fcr diese fremden Inhalte auch keine Gew\u00e4hr \u00fcbernehmen. F\u00fcr die Inhalte der verlinkten Seiten ist stets der jeweilige Anbieter oder Betreiber der Seiten verantwortlich. Die verlinkten Seiten wurden zum Zeitpunkt der Verlinkung auf m\u00f6gliche Rechtsverst\u00f6\u00dfe \u00fcberpr\u00fcft. Rechtswidrige Inhalte waren zum Zeitpunkt der Verlinkung nicht erkennbar.<\/p>\n<p>Eine permanente inhaltliche Kontrolle der verlinkten Seiten ist jedoch ohne konkrete Anhaltspunkte einer Rechtsverletzung nicht zumutbar. Bei Bekanntwerden von Rechtsverletzungen werden wir derartige Links umgehend entfernen.<\/p>\n<h3><strong>Urheberrechte<\/strong><\/h3>\n<p>Die durch die Seitenbetreiber erstellten Inhalte und Werke auf diesen Seiten unterliegen dem deutschen Urheberrecht. Die Vervielf\u00e4ltigung, Bearbeitung, Verbreitung und jede Art der Verwertung au\u00dferhalb der Grenzen des Urheberrechts bed\u00fcrfen der schriftlichen Zustimmung des jeweiligen Autors bzw. Erstellers. Downloads und Kopien dieser Seite sind nur f\u00fcr den privaten, nicht kommerziellen Gebrauch gestattet.<\/p>\n<p>Soweit die Inhalte auf dieser Seite nicht vom Betreiber erstellt wurden, werden die Urheberrechte Dritter beachtet. Insbesondere werden Inhalte Dritter als solche gekennzeichnet. Sollten Sie trotzdem auf eine Urheberrechtsverletzung aufmerksam werden, bitten wir um einen entsprechenden Hinweis. Bei Bekanntwerden von Rechtsverletzungen werden wir derartige Inhalte umgehend entfernen.<\/p>\n<h3>Bildrechte:<\/h3>\n<p>Startseite \u2013 Kopfbereich: Peshkova\/Shutterstock.com<\/p>\n<p>Startseite \u2013 Unser St\u00e4rkenprofil und Leistungen \u2013 Bildung: Robert Kneschke\/Shutterstock.com<\/p>\n<p>Mitgliederbereich, Extranet: mirtmirt\/Shutterstock.com<\/p>\n<p>Leistungen \u2013 Kopfbereich: EHStockphoto\/Shutterstock.com<\/p>\n<p>Leistungen &#8211; Tarifpolitik: TAKLONGKORAT\/Shutterstock.com<\/p>\n<p>Leistungen &#8211; Rechtsberatung: fizkes\/Shutterstock.com<\/p>\n<p>Leistungen &#8211; Vertretung: Indypendenz\/Shutterstock.com<\/p>\n<p>Leistungen &#8211; Arbeitswirtschaft: SCP255\/Shutterstock.com<\/p>\n<p>Leistungen &#8211; Information: Africa Studio\/Shutterstock.com<\/p>\n<p>Leistungen &#8211; \u00d6ffentlichkeitsarbeit: wellphoto\/Shutterstock.com<\/p>\n<p>Ansprechpartner \u2013 Kopfbereich: paulaphoto\/Shutterstock.com<\/p>\n<p>Gremien \u2013 Kopfbereich: mariakraynova\/Shutterstock.com<\/p>\n<p>Partner \u2013 Kopfbereich: Gajus\/Shutterstock.com<\/p>\n<p>Impressum, Datenschutz: Alexander Kirch\/Shutterstock.com<\/p>\n<p>Presse\/Positionen &#8211; Kopfbereich: Rawpixel.com\/Shutterstock.com<\/p>\n<p>Seminare &#8211; Kopfbereich: Matej Kastelic\/Shutterstock.com<\/p>\n<p>Projekte \u2013 Kopfbereich: Pressmaster\/Shutterstock.com<\/p>\n<p>Fu\u00dfbereich der Website und Projekte &#8211; Bedarfsanalyse: Boophuket\/Shutterstock.com<\/p>\n<p>Fu\u00dfbereich der Website und Projekte &#8211; Strategieentwicklung: gerasimov_foto_174\/Shutterstock.com<\/p>\n<p>Fu\u00dfbereich der Website und Projekte &#8211; Energieeffizienz: Peshkova\/Shutterstock.com<\/p>\n<p>Kopfbereich Aktuelles, Fu\u00dfbereich der Website und Projekte &#8211; Zukunft Technik: spainter_vfx\/Shutterstock.com<\/p>\n<h3>Realisation (Corporate Design \/ Webentwicklung): <a href=\"http:\/\/d-ignition.de\/\"><strong>d-Ignition UG (haftungsbeschr\u00e4nkt)<\/strong><\/a><\/h3>\n","protected":false},"excerpt":{"rendered":"<p>Impressum f\u00fcr den Arbeitgeberverband der Metall- und Elektroindustrie Rhein-Wupper e.V.: Arbeitgeberverband der Metall- und Elektroindustrie Rhein-Wupper e.V. Werkst\u00e4ttenstr. 21 51379 Leverkusen Gesch\u00e4ftsf\u00fchrer: Rechtsanwalt Andreas Tressin Telefon: 0 21 71\/7 39 2-0 Telefax: 0 21 71\/7 39 2-11 Internet: www.unternehmerverbaende-rhein-wupper.de Vorstand: (vertretungsberechtigt ist ein Vorstandsmitglied zusammen mit einem weiteren Vorstandsmitglied oder mit dem Gesch\u00e4ftsf\u00fchrer) Herr Arndt [&hellip;]<\/p>\n","protected":false},"author":1,"featured_media":0,"parent":0,"menu_order":0,"comment_status":"closed","ping_status":"closed","template":"","meta":{"footnotes":""},"class_list":["post-43","page","type-page","status-publish","hentry"],"_links":{"self":[{"href":"https:\/\/www.usability.world\/index.php?rest_route=\/wp\/v2\/pages\/43","targetHints":{"allow":["GET"]}}],"collection":[{"href":"https:\/\/www.usability.world\/index.php?rest_route=\/wp\/v2\/pages"}],"about":[{"href":"https:\/\/www.usability.world\/index.php?rest_route=\/wp\/v2\/types\/page"}],"author":[{"embeddable":true,"href":"https:\/\/www.usability.world\/index.php?rest_route=\/wp\/v2\/users\/1"}],"replies":[{"embeddable":true,"href":"https:\/\/www.usability.world\/index.php?rest_route=%2Fwp%2Fv2%2Fcomments&post=43"}],"version-history":[{"count":18,"href":"https:\/\/www.usability.world\/index.php?rest_route=\/wp\/v2\/pages\/43\/revisions"}],"predecessor-version":[{"id":5542,"href":"https:\/\/www.usability.world\/index.php?rest_route=\/wp\/v2\/pages\/43\/revisions\/5542"}],"wp:attachment":[{"href":"https:\/\/www.usability.world\/index.php?rest_route=%2Fwp%2Fv2%2Fmedia&parent=43"}],"curies":[{"name":"wp","href":"https:\/\/api.w.org\/{rel}","templated":true}]}}