{"id":17,"date":"2018-08-10T12:58:37","date_gmt":"2018-08-10T10:58:37","guid":{"rendered":"http:\/\/wordpress.p115765.webspaceconfig.de\/?page_id=17"},"modified":"2025-07-09T09:50:44","modified_gmt":"2025-07-09T07:50:44","slug":"ansprechpartner","status":"publish","type":"page","link":"https:\/\/www.usability.world\/?page_id=17","title":{"rendered":"Ansprechpartner"},"content":{"rendered":"<p><strong>Rechtsanwalt Andreas Tressin, Gesch\u00e4ftsf\u00fchrer<img loading=\"lazy\" decoding=\"async\" class=\"alignright wp-image-237 \" title=\"RA Andreas Tressin\" src=\"https:\/\/www.usability.world\/wp-content\/uploads\/2018\/08\/Tressin.jpg\" alt=\"\" width=\"100\" height=\"152\" \/><\/strong><\/p>\n<p>Tarif- und Sozialpolitik, Beratung und Prozessvertretung, Schulung, Organisation\/Verwaltung und Finanzen.<\/p>\n<p>Mitwirkung in folgenden Organisationen und K\u00f6rperschaften:<br \/>Vorstandsmitglied des Zentrums f\u00fcr Arbeitsmedizin und Arbeitssicherheit Rhein-Wupper e.V., Gesch\u00e4ftsf\u00fchrer der INOWIS Service- und Beratungsgesellschaft mbH,\u00a0Gesellschaftervertreter Wuppermann Bildungswerk Leverkusen GmbH,\u00a0Agentur f\u00fcr Arbeit Bergisch Gladbach,\u00a0Regionalbeirat der Regionaldirektion Leverkusen der AOK Rheinland,\u00a0Regionalagentur Region K\u00f6ln, Wirtschaftsf\u00f6rderung Leverkusen, Deutsche Rentenversicherung, Veranstaltergemeinschaft\u00a0Radio Leverkusen, Fachbeirat der JOB Service Besch\u00e4ftigungsf\u00f6rderung Leverkusen gGmbH<\/p>\n<p>Telefon: 02171 7392-20<\/p>\n<p>E-Mail: tressin@uvrw.de<\/p>\n<p>______________________________________________________<\/p>\n<p><strong>Rechtsanwalt Stephan Aldejohann, LL.M.<img loading=\"lazy\" decoding=\"async\" class=\"alignright wp-image-2541\" src=\"https:\/\/www.usability.world\/wp-content\/uploads\/2020\/06\/Bewerbungsfoto2-200x300.jpg\" alt=\"\" width=\"121\" height=\"182\" srcset=\"https:\/\/www.usability.world\/wp-content\/uploads\/2020\/06\/Bewerbungsfoto2-200x300.jpg 200w, https:\/\/www.usability.world\/wp-content\/uploads\/2020\/06\/Bewerbungsfoto2-768x1150.jpg 768w, https:\/\/www.usability.world\/wp-content\/uploads\/2020\/06\/Bewerbungsfoto2-684x1024.jpg 684w, https:\/\/www.usability.world\/wp-content\/uploads\/2020\/06\/Bewerbungsfoto2.jpg 1155w\" sizes=\"auto, (max-width: 121px) 100vw, 121px\" \/><\/strong><\/p>\n<p>Beratung, Schulung, Prozessvertretung, Personalarbeit, Verhandlung mit Gewerkschaften und Betriebsr\u00e4ten, Arbeits- und Sozialrecht<img loading=\"lazy\" decoding=\"async\" class=\"alignnone size-medium wp-image-2462\" src=\"https:\/\/www.usability.world\/wp-content\/uploads\/2020\/05\/Bewerbungsfoto.jpg\" alt=\"\" width=\"1\" height=\"1\" \/><\/p>\n<p>Telefon: 02171 7392-26<\/p>\n<p>E-Mail: aldejohann@uvrw.de<\/p>\n<p>_______________________________________________________<\/p>\n<p><strong>Rechtsassessor (Ass. jur.) Fabian H\u00fcgele<img loading=\"lazy\" decoding=\"async\" class=\"alignright wp-image-4741\" src=\"https:\/\/www.usability.world\/wp-content\/uploads\/2022\/05\/Huegele-2-209x300.jpg\" alt=\"\" width=\"119\" height=\"170\" srcset=\"https:\/\/www.usability.world\/wp-content\/uploads\/2022\/05\/Huegele-2-209x300.jpg 209w, https:\/\/www.usability.world\/wp-content\/uploads\/2022\/05\/Huegele-2-713x1024.jpg 713w, https:\/\/www.usability.world\/wp-content\/uploads\/2022\/05\/Huegele-2.jpg 744w\" sizes=\"auto, (max-width: 119px) 100vw, 119px\" \/><br \/><\/strong><\/p>\n<p>Beratung, Schulung, Prozessvertretung, Personalarbeit, Verhandlung mit Gewerkschaften und Betriebsr\u00e4ten, Arbeits- und Sozialrecht<img loading=\"lazy\" decoding=\"async\" class=\"alignnone size-medium wp-image-2462\" src=\"https:\/\/www.usability.world\/wp-content\/uploads\/2020\/05\/Bewerbungsfoto.jpg\" alt=\"\" width=\"1\" height=\"1\" \/><\/p>\n<p>Telefon: 02171 7392-26<\/p>\n<p>E-Mail: huegele@uvrw.de<\/p>\n<p>_______________________________________________________<\/p>\n<p><strong>Dipl.-Ing. Alexander Gr\u00fcndler, MBA<img loading=\"lazy\" decoding=\"async\" class=\"alignright wp-image-241\" title=\"Dipl.-Ing. Alexander Gr\u00fcndler\" src=\"https:\/\/www.usability.world\/wp-content\/uploads\/2018\/08\/Gr\u00fcndler.jpg\" alt=\"\" width=\"118\" height=\"170\" \/><\/strong><\/p>\n<p>Beratung, Schulung, Personalarbeit, Optimierung von Betriebs- und Prozessabl\u00e4ufen, Entgelt- &amp; Anreizsysteme, Arbeits- und Betriebszeitoptimierung, Arbeitsgestaltung<\/p>\n<p>Telefon: 02171 7392-26<\/p>\n<p>E-Mail: gruendler@uvrw.de<\/p>\n<p>________________________________________________________<\/p>\n<p><strong>Claudia Wermke<img loading=\"lazy\" decoding=\"async\" class=\"alignright wp-image-5994\" src=\"https:\/\/www.usability.world\/wp-content\/uploads\/2025\/07\/Foto-Claudia-Wermke.png\" alt=\"\" width=\"117\" height=\"170\" \/><\/strong><\/p>\n<p>Assistenz der Gesch\u00e4ftsleitung<\/p>\n<p>Telefon:\u00a0 02171 7392-20<\/p>\n<p>E-Mail: wermke@uvrw.de<\/p>\n<p>________________________________________________________<\/p>\n<p><strong>Regina Szczepanski<img loading=\"lazy\" decoding=\"async\" class=\"alignright wp-image-2919\" src=\"https:\/\/www.usability.world\/wp-content\/uploads\/2020\/12\/Fotos-Szczepanski-207x300.jpg\" alt=\"\" width=\"117\" height=\"170\" srcset=\"https:\/\/www.usability.world\/wp-content\/uploads\/2020\/12\/Fotos-Szczepanski-207x300.jpg 207w, https:\/\/www.usability.world\/wp-content\/uploads\/2020\/12\/Fotos-Szczepanski-768x1112.jpg 768w, https:\/\/www.usability.world\/wp-content\/uploads\/2020\/12\/Fotos-Szczepanski-707x1024.jpg 707w, https:\/\/www.usability.world\/wp-content\/uploads\/2020\/12\/Fotos-Szczepanski.jpg 1240w\" sizes=\"auto, (max-width: 117px) 100vw, 117px\" \/><\/strong><\/p>\n<p>Sekretariat Rechtsabteilung<\/p>\n<p>Telefon:\u00a0 02171 7392-26<\/p>\n<p>E-Mail: recht@uvrw.de<\/p>\n<p>________________________________________________________<\/p>\n<p><strong>Agathe B\u00fchler <img loading=\"lazy\" decoding=\"async\" class=\" wp-image-5836 alignright\" src=\"https:\/\/www.usability.world\/wp-content\/uploads\/2025\/04\/Buehler-208x300.jpg\" alt=\"\" width=\"111\" height=\"160\" srcset=\"https:\/\/www.usability.world\/wp-content\/uploads\/2025\/04\/Buehler-208x300.jpg 208w, https:\/\/www.usability.world\/wp-content\/uploads\/2025\/04\/Buehler.jpg 444w\" sizes=\"auto, (max-width: 111px) 100vw, 111px\" \/><\/strong><\/p>\n<p>Sekretariat Rechtsabteilung, Bildung und \u00d6ffentlichkeitsarbeit<\/p>\n<p>Telefon:\u00a0 02171 7392-25<\/p>\n<p>E-Mail: buehler@uvrw.de<\/p>\n<p>________________________________________________________<\/p>\n\n\n<p><strong>Jill Limberg<img loading=\"lazy\" decoding=\"async\" class=\" wp-image-5479 alignright\" src=\"https:\/\/www.usability.world\/wp-content\/uploads\/2024\/03\/Limberg-206x300.jpg\" alt=\"\" width=\"109\" height=\"159\" srcset=\"https:\/\/www.usability.world\/wp-content\/uploads\/2024\/03\/Limberg-206x300.jpg 206w, https:\/\/www.usability.world\/wp-content\/uploads\/2024\/03\/Limberg.jpg 405w\" sizes=\"auto, (max-width: 109px) 100vw, 109px\" \/><\/strong><\/p>\n<p>Auszubildende zur Kauffrau f\u00fcr B\u00fcromanagement<\/p>\n<p>Telefon: 02171 7392-10<\/p>\n<p>E-Mail: zentrale@uvrw.de<\/p>\n","protected":false},"excerpt":{"rendered":"<p>Rechtsanwalt Andreas Tressin, Gesch\u00e4ftsf\u00fchrer Tarif- und Sozialpolitik, Beratung und Prozessvertretung, Schulung, Organisation\/Verwaltung und Finanzen. Mitwirkung in folgenden Organisationen und K\u00f6rperschaften:Vorstandsmitglied des Zentrums f\u00fcr Arbeitsmedizin und Arbeitssicherheit Rhein-Wupper e.V., Gesch\u00e4ftsf\u00fchrer der INOWIS Service- und Beratungsgesellschaft mbH,\u00a0Gesellschaftervertreter Wuppermann Bildungswerk Leverkusen GmbH,\u00a0Agentur f\u00fcr Arbeit Bergisch Gladbach,\u00a0Regionalbeirat der Regionaldirektion Leverkusen der AOK Rheinland,\u00a0Regionalagentur Region K\u00f6ln, Wirtschaftsf\u00f6rderung Leverkusen, Deutsche Rentenversicherung, [&hellip;]<\/p>\n","protected":false},"author":1,"featured_media":0,"parent":0,"menu_order":0,"comment_status":"closed","ping_status":"closed","template":"","meta":{"footnotes":""},"class_list":["post-17","page","type-page","status-publish","hentry"],"_links":{"self":[{"href":"https:\/\/www.usability.world\/index.php?rest_route=\/wp\/v2\/pages\/17","targetHints":{"allow":["GET"]}}],"collection":[{"href":"https:\/\/www.usability.world\/index.php?rest_route=\/wp\/v2\/pages"}],"about":[{"href":"https:\/\/www.usability.world\/index.php?rest_route=\/wp\/v2\/types\/page"}],"author":[{"embeddable":true,"href":"https:\/\/www.usability.world\/index.php?rest_route=\/wp\/v2\/users\/1"}],"replies":[{"embeddable":true,"href":"https:\/\/www.usability.world\/index.php?rest_route=%2Fwp%2Fv2%2Fcomments&post=17"}],"version-history":[{"count":83,"href":"https:\/\/www.usability.world\/index.php?rest_route=\/wp\/v2\/pages\/17\/revisions"}],"predecessor-version":[{"id":5995,"href":"https:\/\/www.usability.world\/index.php?rest_route=\/wp\/v2\/pages\/17\/revisions\/5995"}],"wp:attachment":[{"href":"https:\/\/www.usability.world\/index.php?rest_route=%2Fwp%2Fv2%2Fmedia&parent=17"}],"curies":[{"name":"wp","href":"https:\/\/api.w.org\/{rel}","templated":true}]}}