{"id":120,"date":"2018-08-12T17:13:06","date_gmt":"2018-08-12T15:13:06","guid":{"rendered":"http:\/\/wordpress.p115765.webspaceconfig.de\/?page_id=120"},"modified":"2026-01-16T11:54:54","modified_gmt":"2026-01-16T10:54:54","slug":"seminare-gesamtangebot","status":"publish","type":"page","link":"https:\/\/www.usability.world\/?page_id=120","title":{"rendered":"Seminare"},"content":{"rendered":"<p>Unser Seminarangebot: Die Themen der Veranstaltungen orientieren sich nicht nur an unseren Kompetenzen, sondern dar\u00fcber hinaus an den vielf\u00e4ltigen Exzellenzen aus unseren Mitgliedsunternehmen.<\/p>\n<p><strong>Die Seminartermine f\u00fcr 2026 folgen in K\u00fcrze.<\/strong><\/p>\n<div class=\"sep-page\">\r\n    <div class=\"listing\">\r\n\r\n        \r\n<!-- Start Event Keyword Search\r\n================================================== -->\r\n<div class=\"search \">\r\n    <!-- Search Form -->\r\n    <div class=\"form-group\">\r\n            \r\n        <form action=\"https:\/\/www.usability.world\/?page_id=120\" method=\"get\">\r\n            <input class=\"form-control\" type=\"text\" name=\"search_keyword\" value=\"\" placeholder=\"Suche nach Event\" \/>\r\n\r\n                            <input type=\"hidden\" value=\"120\" name=\"page_id\" >\r\n                        <button class=\"input-group-addon\" type=\"submit\">\r\n                <i class=\"fa fa-search\" aria-hidden=\"true\"><\/i>\r\n            <\/button>\r\n        <\/form>\r\n    <\/div>\r\n<\/div>\r\n<div class=\"clearfix\"><\/div>\r\n<!-- ==================================================\r\nEnd Event Keyword Search -->\r\n\r\n<div class=\"list-view\">\r\n\t<div class=\"no_found\"><p>Keine Events gefunden.<\/p><p><a href=\"https:\/\/www.usability.world\/\" class=\"btn btn-primary\">Zur\u00fcck zur Veranstaltungsliste<\/a><\/p><\/div>    <div class=\"clear\"><\/div>\r\n<\/div>\r\n<div class=\"clearfix\"><\/div>\r\n\r\n<\/div>\r\n<\/div>\r\n\r\n\n","protected":false},"excerpt":{"rendered":"<p>Wir bieten Fach- und F\u00fchrungskr\u00e4ften ein vielf\u00e4ltiges Know-how: juristisch und arbeitswissenschaftlich fundierte Erkenntnisse gepaart mit konkretem Anwendungsbezug.<\/p>\n","protected":false},"author":1,"featured_media":0,"parent":0,"menu_order":0,"comment_status":"closed","ping_status":"closed","template":"","meta":{"footnotes":""},"class_list":["post-120","page","type-page","status-publish","hentry"],"_links":{"self":[{"href":"https:\/\/www.usability.world\/index.php?rest_route=\/wp\/v2\/pages\/120","targetHints":{"allow":["GET"]}}],"collection":[{"href":"https:\/\/www.usability.world\/index.php?rest_route=\/wp\/v2\/pages"}],"about":[{"href":"https:\/\/www.usability.world\/index.php?rest_route=\/wp\/v2\/types\/page"}],"author":[{"embeddable":true,"href":"https:\/\/www.usability.world\/index.php?rest_route=\/wp\/v2\/users\/1"}],"replies":[{"embeddable":true,"href":"https:\/\/www.usability.world\/index.php?rest_route=%2Fwp%2Fv2%2Fcomments&post=120"}],"version-history":[{"count":8,"href":"https:\/\/www.usability.world\/index.php?rest_route=\/wp\/v2\/pages\/120\/revisions"}],"predecessor-version":[{"id":6162,"href":"https:\/\/www.usability.world\/index.php?rest_route=\/wp\/v2\/pages\/120\/revisions\/6162"}],"wp:attachment":[{"href":"https:\/\/www.usability.world\/index.php?rest_route=%2Fwp%2Fv2%2Fmedia&parent=120"}],"curies":[{"name":"wp","href":"https:\/\/api.w.org\/{rel}","templated":true}]}}