{"id":11,"date":"2018-08-10T12:57:47","date_gmt":"2018-08-10T10:57:47","guid":{"rendered":"http:\/\/wordpress.p115765.webspaceconfig.de\/?page_id=11"},"modified":"2021-04-01T11:51:31","modified_gmt":"2021-04-01T09:51:31","slug":"leistungen","status":"publish","type":"page","link":"https:\/\/www.usability.world\/?page_id=11","title":{"rendered":"Leistungen"},"content":{"rendered":"<h1>Projektbezogene Dienstleistungspakete aus einer Hand<\/h1>\n<p>Durch den Mitgliedsbeitrag ist sowohl die gesamte au\u00dfergerichtliche Rechtsberatung als auch die komplette Prozessbegleitung abgegolten, von der ersten bis zur letzten Instanz \u2013 sowohl im Arbeits- als auch im Sozialrecht.<\/p>\n<h2><strong>Unsere Leistungen im \u00dcberblick<br \/>\n<\/strong><\/h2>\n<div class=\"flexcard\">\n<div class=\"imgcontainer\"><img loading=\"lazy\" decoding=\"async\" class=\"alignnone wp-image-1674 size-medium\" src=\"https:\/\/www.usability.world\/wp-content\/uploads\/2018\/11\/Tarifpolitik300x200-300x200.png\" alt=\"\" width=\"300\" height=\"200\" \/><\/div>\n<div>\n<h3 style=\"text-align: left;\"><strong>Tarifpolitik<\/strong><\/h3>\n<p style=\"text-align: left;\">Wir vertreten Ihre Interessen sowohl beim Abschluss von Fl\u00e4chen- als auch von Haustarifvertr\u00e4gen.<\/p>\n<\/div>\n<\/div>\n<div class=\"flexcard\">\n<div class=\"imgcontainer\"><img loading=\"lazy\" decoding=\"async\" class=\"alignnone wp-image-1673 size-medium\" src=\"https:\/\/www.usability.world\/wp-content\/uploads\/2018\/11\/Rechtsberatung300x200-300x200.png\" alt=\"\" width=\"300\" height=\"200\" \/><\/div>\n<div>\n<h3 style=\"text-align: left;\"><strong>Rechtsberatung<\/strong><\/h3>\n<p style=\"text-align: left;\">In allen Angelegenheiten des gesamten Arbeitsrechts stehen Ihnen unsere juristischen Experten zur Seite: Von der Einstellung bis zur Beendigung, bei der Gestaltung von Vertr\u00e4gen und Betriebsvereinbarungen einschlie\u00dflich Sozialpl\u00e4nen.<\/p>\n<\/div>\n<\/div>\n<div class=\"flexcard\">\n<div class=\"imgcontainer\"><img loading=\"lazy\" decoding=\"async\" class=\"alignnone wp-image-1675 size-medium\" src=\"https:\/\/www.usability.world\/wp-content\/uploads\/2018\/11\/Vertretung300x200-300x200.png\" alt=\"\" width=\"300\" height=\"200\" \/><\/div>\n<div>\n<h3><strong>Vertretung<\/strong><\/h3>\n<p>Wir vertreten Sie in Prozessen vor Arbeits- und Sozialgerichten \u00fcber alle Instanzen, bei beh\u00f6rdlichen Verfahren, bei Verhandlungen mit dem Betriebsrat und der Gewerkschaft, sowie bei Verfahren vor Einigungsstellen.<\/p>\n<\/div>\n<\/div>\n<div class=\"flexcard\">\n<div class=\"imgcontainer\"><img loading=\"lazy\" decoding=\"async\" class=\"alignnone wp-image-1670 size-medium\" src=\"https:\/\/www.usability.world\/wp-content\/uploads\/2018\/11\/Arbeitswirtschaft300x200-300x200.png\" alt=\"\" width=\"300\" height=\"200\" \/><\/div>\n<div>\n<h3><strong>Arbeitswirtschaft<\/strong><\/h3>\n<p>Sie profitieren vom neusten Stand der Arbeitswirtschaft: Entgeltssysteme, Flexibilisierung der Arbeitszeit, Arbeitsorganisation, Produktivit\u00e4tssteigerung durch ein gezieltes Industrial Engineering.<\/p>\n<\/div>\n<\/div>\n<div class=\"flexcard\">\n<div class=\"imgcontainer\"><img loading=\"lazy\" decoding=\"async\" class=\"alignnone wp-image-1671 size-medium\" src=\"https:\/\/www.usability.world\/wp-content\/uploads\/2018\/11\/Information300x200-300x200.png\" alt=\"\" width=\"300\" height=\"200\" \/><\/div>\n<div>\n<h3><strong>Information<\/strong><\/h3>\n<p>Regelm\u00e4\u00dfige Informationsdienste \u00fcber neuste Entwicklungen in Gesetzgebung und Rechtsprechung.<\/p>\n<\/div>\n<\/div>\n<div class=\"flexcard\">\n<div class=\"imgcontainer\"><img loading=\"lazy\" decoding=\"async\" class=\"alignnone wp-image-1672 size-medium\" src=\"https:\/\/www.usability.world\/wp-content\/uploads\/2018\/11\/Oeffentlichkeitsarbeit300x200-300x200.png\" alt=\"\" width=\"300\" height=\"200\" \/><\/div>\n<div>\n<h3><strong>\u00d6ffentlichkeitsarbeit<\/strong><\/h3>\n<p>Unternehmerische Positionen zu aktuellen wirtschafts-, sozial- und tarifpolitischen Ereignissen in allen Medien und in der Politik.<\/p>\n<\/div>\n<\/div>\n<div class=\"flexcard\">\n<div class=\"imgcontainer\"><img loading=\"lazy\" decoding=\"async\" class=\"alignnone wp-image-981 size-medium\" src=\"https:\/\/www.usability.world\/wp-content\/uploads\/2018\/08\/home_seminar-300x200.jpg\" alt=\"\" width=\"300\" height=\"200\" srcset=\"https:\/\/www.usability.world\/wp-content\/uploads\/2018\/08\/home_seminar-300x200.jpg 300w, https:\/\/www.usability.world\/wp-content\/uploads\/2018\/08\/home_seminar-768x512.jpg 768w, https:\/\/www.usability.world\/wp-content\/uploads\/2018\/08\/home_seminar.jpg 800w\" sizes=\"auto, (max-width: 300px) 100vw, 300px\" \/><\/div>\n<div>\n<h3><strong>Bildung<\/strong><\/h3>\n<p>Koordination von bedarfsgerechter Aus-, Fort- und Weiterbildung.<\/p>\n<\/div>\n<\/div>\n","protected":false},"excerpt":{"rendered":"<p>Durch den Mitgliedsbeitrag ist sowohl die gesamte au\u00dfergerichtliche Rechtsberatung als auch die komplette Prozessbegleitung abgegolten, von der ersten bis zur letzten Instanz \u2013 sowohl im Arbeits- als auch im Sozialrecht.<\/p>\n","protected":false},"author":1,"featured_media":0,"parent":0,"menu_order":0,"comment_status":"closed","ping_status":"closed","template":"","meta":{"footnotes":""},"class_list":["post-11","page","type-page","status-publish","hentry"],"_links":{"self":[{"href":"https:\/\/www.usability.world\/index.php?rest_route=\/wp\/v2\/pages\/11","targetHints":{"allow":["GET"]}}],"collection":[{"href":"https:\/\/www.usability.world\/index.php?rest_route=\/wp\/v2\/pages"}],"about":[{"href":"https:\/\/www.usability.world\/index.php?rest_route=\/wp\/v2\/types\/page"}],"author":[{"embeddable":true,"href":"https:\/\/www.usability.world\/index.php?rest_route=\/wp\/v2\/users\/1"}],"replies":[{"embeddable":true,"href":"https:\/\/www.usability.world\/index.php?rest_route=%2Fwp%2Fv2%2Fcomments&post=11"}],"version-history":[{"count":51,"href":"https:\/\/www.usability.world\/index.php?rest_route=\/wp\/v2\/pages\/11\/revisions"}],"predecessor-version":[{"id":3316,"href":"https:\/\/www.usability.world\/index.php?rest_route=\/wp\/v2\/pages\/11\/revisions\/3316"}],"wp:attachment":[{"href":"https:\/\/www.usability.world\/index.php?rest_route=%2Fwp%2Fv2%2Fmedia&parent=11"}],"curies":[{"name":"wp","href":"https:\/\/api.w.org\/{rel}","templated":true}]}}